{"id":5225,"date":"2024-06-06T16:23:06","date_gmt":"2024-06-06T16:23:06","guid":{"rendered":"https:\/\/cdo.geekdev.xyz\/protection-du-public\/dietetiste-un-titre-reserve\/"},"modified":"2025-05-05T13:23:41","modified_gmt":"2025-05-05T13:23:41","slug":"dietetiste-un-titre-reserve","status":"publish","type":"page","link":"https:\/\/collegeofdietitians.org\/fr\/protection-du-public\/dietetiste-un-titre-reserve\/","title":{"rendered":"Di\u00e9t\u00e9tiste un titre r\u00e9serv\u00e9"},"content":{"rendered":"","protected":false},"excerpt":{"rendered":"","protected":false},"author":1,"featured_media":0,"parent":5175,"menu_order":0,"comment_status":"closed","ping_status":"closed","template":"","meta":{"_acf_changed":false,"footnotes":""},"page-type":[],"class_list":["post-5225","page","type-page","status-publish","hentry"],"acf":[],"_links":{"self":[{"href":"https:\/\/collegeofdietitians.org\/fr\/wp-json\/wp\/v2\/pages\/5225","targetHints":{"allow":["GET"]}}],"collection":[{"href":"https:\/\/collegeofdietitians.org\/fr\/wp-json\/wp\/v2\/pages"}],"about":[{"href":"https:\/\/collegeofdietitians.org\/fr\/wp-json\/wp\/v2\/types\/page"}],"author":[{"embeddable":true,"href":"https:\/\/collegeofdietitians.org\/fr\/wp-json\/wp\/v2\/users\/1"}],"replies":[{"embeddable":true,"href":"https:\/\/collegeofdietitians.org\/fr\/wp-json\/wp\/v2\/comments?post=5225"}],"version-history":[{"count":3,"href":"https:\/\/collegeofdietitians.org\/fr\/wp-json\/wp\/v2\/pages\/5225\/revisions"}],"predecessor-version":[{"id":14844,"href":"https:\/\/collegeofdietitians.org\/fr\/wp-json\/wp\/v2\/pages\/5225\/revisions\/14844"}],"up":[{"embeddable":true,"href":"https:\/\/collegeofdietitians.org\/fr\/wp-json\/wp\/v2\/pages\/5175"}],"wp:attachment":[{"href":"https:\/\/collegeofdietitians.org\/fr\/wp-json\/wp\/v2\/media?parent=5225"}],"wp:term":[{"taxonomy":"page-type","embeddable":true,"href":"https:\/\/collegeofdietitians.org\/fr\/wp-json\/wp\/v2\/page-type?post=5225"}],"curies":[{"name":"wp","href":"https:\/\/api.w.org\/{rel}","templated":true}]}}