{"id":5803,"date":"2024-06-06T18:49:15","date_gmt":"2024-06-06T18:49:15","guid":{"rendered":"https:\/\/cdo.geekdev.xyz\/protection-du-public\/about-registered-dietitians\/"},"modified":"2024-12-04T18:56:37","modified_gmt":"2024-12-04T18:56:37","slug":"a-propos-des-dietetistes","status":"publish","type":"page","link":"https:\/\/collegeofdietitians.org\/fr\/protection-du-public\/a-propos-des-dietetistes\/","title":{"rendered":"\u00c0 propos des di\u00e9t\u00e9tistes professionnelles"},"content":{"rendered":"","protected":false},"excerpt":{"rendered":"","protected":false},"author":1,"featured_media":0,"parent":5175,"menu_order":0,"comment_status":"closed","ping_status":"closed","template":"","meta":{"_acf_changed":false,"footnotes":""},"page-type":[],"class_list":["post-5803","page","type-page","status-publish","hentry"],"acf":[],"_links":{"self":[{"href":"https:\/\/collegeofdietitians.org\/fr\/wp-json\/wp\/v2\/pages\/5803","targetHints":{"allow":["GET"]}}],"collection":[{"href":"https:\/\/collegeofdietitians.org\/fr\/wp-json\/wp\/v2\/pages"}],"about":[{"href":"https:\/\/collegeofdietitians.org\/fr\/wp-json\/wp\/v2\/types\/page"}],"author":[{"embeddable":true,"href":"https:\/\/collegeofdietitians.org\/fr\/wp-json\/wp\/v2\/users\/1"}],"replies":[{"embeddable":true,"href":"https:\/\/collegeofdietitians.org\/fr\/wp-json\/wp\/v2\/comments?post=5803"}],"version-history":[{"count":3,"href":"https:\/\/collegeofdietitians.org\/fr\/wp-json\/wp\/v2\/pages\/5803\/revisions"}],"predecessor-version":[{"id":13355,"href":"https:\/\/collegeofdietitians.org\/fr\/wp-json\/wp\/v2\/pages\/5803\/revisions\/13355"}],"up":[{"embeddable":true,"href":"https:\/\/collegeofdietitians.org\/fr\/wp-json\/wp\/v2\/pages\/5175"}],"wp:attachment":[{"href":"https:\/\/collegeofdietitians.org\/fr\/wp-json\/wp\/v2\/media?parent=5803"}],"wp:term":[{"taxonomy":"page-type","embeddable":true,"href":"https:\/\/collegeofdietitians.org\/fr\/wp-json\/wp\/v2\/page-type?post=5803"}],"curies":[{"name":"wp","href":"https:\/\/api.w.org\/{rel}","templated":true}]}}