{"id":7217,"date":"2024-07-26T18:55:07","date_gmt":"2024-07-26T18:55:07","guid":{"rendered":"https:\/\/cdo.geekdev.xyz\/programmes\/service-consultation\/ressources-sur-lexercice-de-la-profession\/champ-application\/practising-through-delegation-of-controlled-acts\/"},"modified":"2024-10-30T03:56:49","modified_gmt":"2024-10-30T03:56:49","slug":"exercice-par-delegation-de-lexecution-dactes-autorises","status":"publish","type":"page","link":"https:\/\/collegeofdietitians.org\/fr\/programmes\/service-consultation\/ressources-sur-lexercice-de-la-profession\/champ-application\/exercice-par-delegation-de-lexecution-dactes-autorises\/","title":{"rendered":"Normes d\u2019exercice pour les di\u00e9t\u00e9tistes qui exercent par d\u00e9l\u00e9gation"},"content":{"rendered":"","protected":false},"excerpt":{"rendered":"","protected":false},"author":1,"featured_media":0,"parent":5619,"menu_order":0,"comment_status":"closed","ping_status":"closed","template":"","meta":{"_acf_changed":false,"footnotes":""},"page-type":[],"class_list":["post-7217","page","type-page","status-publish","hentry"],"acf":[],"_links":{"self":[{"href":"https:\/\/collegeofdietitians.org\/fr\/wp-json\/wp\/v2\/pages\/7217","targetHints":{"allow":["GET"]}}],"collection":[{"href":"https:\/\/collegeofdietitians.org\/fr\/wp-json\/wp\/v2\/pages"}],"about":[{"href":"https:\/\/collegeofdietitians.org\/fr\/wp-json\/wp\/v2\/types\/page"}],"author":[{"embeddable":true,"href":"https:\/\/collegeofdietitians.org\/fr\/wp-json\/wp\/v2\/users\/1"}],"replies":[{"embeddable":true,"href":"https:\/\/collegeofdietitians.org\/fr\/wp-json\/wp\/v2\/comments?post=7217"}],"version-history":[{"count":19,"href":"https:\/\/collegeofdietitians.org\/fr\/wp-json\/wp\/v2\/pages\/7217\/revisions"}],"predecessor-version":[{"id":12676,"href":"https:\/\/collegeofdietitians.org\/fr\/wp-json\/wp\/v2\/pages\/7217\/revisions\/12676"}],"up":[{"embeddable":true,"href":"https:\/\/collegeofdietitians.org\/fr\/wp-json\/wp\/v2\/pages\/5619"}],"wp:attachment":[{"href":"https:\/\/collegeofdietitians.org\/fr\/wp-json\/wp\/v2\/media?parent=7217"}],"wp:term":[{"taxonomy":"page-type","embeddable":true,"href":"https:\/\/collegeofdietitians.org\/fr\/wp-json\/wp\/v2\/page-type?post=7217"}],"curies":[{"name":"wp","href":"https:\/\/api.w.org\/{rel}","templated":true}]}}