{"id":8680,"date":"2024-08-19T18:26:03","date_gmt":"2024-08-19T18:26:03","guid":{"rendered":"https:\/\/cdo.geekdev.xyz\/programmes\/service-consultation\/ressources-sur-lexercice-de-la-profession\/depassement-des-limites-professionnelles\/boundary-crossing-scenario-social-networking\/"},"modified":"2024-12-04T18:52:49","modified_gmt":"2024-12-04T18:52:49","slug":"scenario-reseautage-social","status":"publish","type":"page","link":"https:\/\/collegeofdietitians.org\/fr\/programmes\/service-consultation\/ressources-sur-lexercice-de-la-profession\/depassement-des-limites-professionnelles\/scenario-reseautage-social\/","title":{"rendered":"D\u00e9passement des limites sc\u00e9nario : R\u00e9seautage social"},"content":{"rendered":"","protected":false},"excerpt":{"rendered":"","protected":false},"author":1,"featured_media":0,"parent":5589,"menu_order":0,"comment_status":"closed","ping_status":"closed","template":"","meta":{"_acf_changed":false,"footnotes":""},"page-type":[],"class_list":["post-8680","page","type-page","status-publish","hentry"],"acf":[],"_links":{"self":[{"href":"https:\/\/collegeofdietitians.org\/fr\/wp-json\/wp\/v2\/pages\/8680","targetHints":{"allow":["GET"]}}],"collection":[{"href":"https:\/\/collegeofdietitians.org\/fr\/wp-json\/wp\/v2\/pages"}],"about":[{"href":"https:\/\/collegeofdietitians.org\/fr\/wp-json\/wp\/v2\/types\/page"}],"author":[{"embeddable":true,"href":"https:\/\/collegeofdietitians.org\/fr\/wp-json\/wp\/v2\/users\/1"}],"replies":[{"embeddable":true,"href":"https:\/\/collegeofdietitians.org\/fr\/wp-json\/wp\/v2\/comments?post=8680"}],"version-history":[{"count":3,"href":"https:\/\/collegeofdietitians.org\/fr\/wp-json\/wp\/v2\/pages\/8680\/revisions"}],"predecessor-version":[{"id":13336,"href":"https:\/\/collegeofdietitians.org\/fr\/wp-json\/wp\/v2\/pages\/8680\/revisions\/13336"}],"up":[{"embeddable":true,"href":"https:\/\/collegeofdietitians.org\/fr\/wp-json\/wp\/v2\/pages\/5589"}],"wp:attachment":[{"href":"https:\/\/collegeofdietitians.org\/fr\/wp-json\/wp\/v2\/media?parent=8680"}],"wp:term":[{"taxonomy":"page-type","embeddable":true,"href":"https:\/\/collegeofdietitians.org\/fr\/wp-json\/wp\/v2\/page-type?post=8680"}],"curies":[{"name":"wp","href":"https:\/\/api.w.org\/{rel}","templated":true}]}}