{"id":8903,"date":"2024-08-20T18:36:32","date_gmt":"2024-08-20T18:36:32","guid":{"rendered":"https:\/\/cdo.geekdev.xyz\/programmes\/service-consultation\/ressources-sur-lexercice-de-la-profession\/consentement\/scenario-capacity-for-consent\/"},"modified":"2024-12-04T18:54:24","modified_gmt":"2024-12-04T18:54:24","slug":"refus-de-manger","status":"publish","type":"page","link":"https:\/\/collegeofdietitians.org\/fr\/programmes\/service-consultation\/ressources-sur-lexercice-de-la-profession\/consentement\/refus-de-manger\/","title":{"rendered":"Sc\u00e9nario : Capacit\u00e9 de prendre des d\u00e9cisions"},"content":{"rendered":"","protected":false},"excerpt":{"rendered":"","protected":false},"author":1,"featured_media":0,"parent":5606,"menu_order":0,"comment_status":"closed","ping_status":"closed","template":"","meta":{"_acf_changed":false,"footnotes":""},"page-type":[],"class_list":["post-8903","page","type-page","status-publish","hentry"],"acf":[],"_links":{"self":[{"href":"https:\/\/collegeofdietitians.org\/fr\/wp-json\/wp\/v2\/pages\/8903","targetHints":{"allow":["GET"]}}],"collection":[{"href":"https:\/\/collegeofdietitians.org\/fr\/wp-json\/wp\/v2\/pages"}],"about":[{"href":"https:\/\/collegeofdietitians.org\/fr\/wp-json\/wp\/v2\/types\/page"}],"author":[{"embeddable":true,"href":"https:\/\/collegeofdietitians.org\/fr\/wp-json\/wp\/v2\/users\/1"}],"replies":[{"embeddable":true,"href":"https:\/\/collegeofdietitians.org\/fr\/wp-json\/wp\/v2\/comments?post=8903"}],"version-history":[{"count":4,"href":"https:\/\/collegeofdietitians.org\/fr\/wp-json\/wp\/v2\/pages\/8903\/revisions"}],"predecessor-version":[{"id":13344,"href":"https:\/\/collegeofdietitians.org\/fr\/wp-json\/wp\/v2\/pages\/8903\/revisions\/13344"}],"up":[{"embeddable":true,"href":"https:\/\/collegeofdietitians.org\/fr\/wp-json\/wp\/v2\/pages\/5606"}],"wp:attachment":[{"href":"https:\/\/collegeofdietitians.org\/fr\/wp-json\/wp\/v2\/media?parent=8903"}],"wp:term":[{"taxonomy":"page-type","embeddable":true,"href":"https:\/\/collegeofdietitians.org\/fr\/wp-json\/wp\/v2\/page-type?post=8903"}],"curies":[{"name":"wp","href":"https:\/\/api.w.org\/{rel}","templated":true}]}}